{"id":7396,"date":"2020-06-04T18:47:49","date_gmt":"2020-06-04T18:47:49","guid":{"rendered":"http:\/\/dimucci.si\/?page_id=7396"},"modified":"2021-12-13T23:45:36","modified_gmt":"2021-12-13T23:45:36","slug":"home","status":"publish","type":"page","link":"http:\/\/dimucci.si\/sl\/home\/","title":{"rendered":"HOME"},"content":{"rendered":"<div id='full_slider_1' class='avia-fullwidth-slider main_color avia-shadow   avia-builder-el-0  el_before_av_section  avia-builder-el-first  container_wrap sidebar_right' style=' '  ><div  data-size='no scaling'  data-lightbox_size='large'  data-animation='slide'  data-conditional_play=''  data-ids='7873,7014'  data-video_counter='0'  data-autoplay='true'  data-bg_slider='false'  data-slide_height=''  data-handle='av_slideshow_full'  data-interval='5'  data-class=' image_no_stretch'  data-css_id=''  data-scroll_down=''  data-control_layout='av-control-hidden'  data-custom_markup=''  data-perma_caption=''  data-autoplay_stopper=''  data-image_attachment=''  data-min_height='0px'  data-src=''  data-position='top left'  data-repeat='no-repeat'  data-attach='scroll'  data-stretch='image_no_stretch'  class='avia-slideshow avia-slideshow-1  av-control-hidden av-default-height-applied avia-slideshow-no scaling av_slideshow_full  image_no_stretch avia-slide-slider '  itemprop=\"image\" itemscope=\"itemscope\" itemtype=\"https:\/\/schema.org\/ImageObject\" ><ul class='avia-slideshow-inner ' style='padding-bottom: 52.4%;' ><li  class=' slide-1 ' ><div data-rel='slideshow-1' class='avia-slide-wrap '   ><img src='http:\/\/dimucci.si\/wp-content\/uploads\/2021\/12\/unnamed-3.jpg' width='750' height='393' title='unnamed-3' alt=''  itemprop=\"thumbnailUrl\"   \/><\/div><\/li><li  class=' slide-2 ' ><div data-rel='slideshow-1' class='avia-slide-wrap '   ><img src='http:\/\/dimucci.si\/wp-content\/uploads\/2019\/08\/IMG_6381.jpg' width='1900' height='650' title='IMG_6381' alt=''  itemprop=\"thumbnailUrl\"   \/><\/div><\/li><\/ul><div class='avia-slideshow-arrows avia-slideshow-controls'><a href='#prev' class='prev-slide' aria-hidden='true' data-av_icon='\ue87c' data-av_iconfont='entypo-fontello'>Previous<\/a><a href='#next' class='next-slide' aria-hidden='true' data-av_icon='\ue87d' data-av_iconfont='entypo-fontello'>Next<\/a><\/div><div class='avia-slideshow-dots avia-slideshow-controls'><a href='#1' class='goto-slide active' >1<\/a><a href='#2' class='goto-slide ' >2<\/a><\/div><\/div><\/div>\n<div id='av_section_1' class='avia-section main_color avia-section-no-padding avia-no-border-styling avia-bg-style-scroll  avia-builder-el-1  el_after_av_slideshow_full  avia-builder-el-last   container_wrap sidebar_right' style='background-color: #ffffff;  '  ><div class='container' ><div class='template-page content  av-content-small alpha units'><div class='post-entry post-entry-type-page post-entry-7396'><div class='entry-content-wrapper clearfix'>\n<div class=\"flex_column av_one_full  flex_column_div first  avia-builder-el-2  avia-builder-el-no-sibling  \" style='padding:35px 15px 15px 15px ; background-color:#ffffff; border-radius:0px; '><p><div style='padding-bottom:20px; color:#308421;' class='av-special-heading av-special-heading-h1 custom-color-heading blockquote modern-quote modern-centered  avia-builder-el-3  el_before_av_hr  avia-builder-el-first  av-thin-font '><h1 class='av-special-heading-tag '  itemprop=\"headline\"  >Dobrodo\u0161li v podjetju  <strong> DI MUCCI d.o.o.<\/strong><\/h1><div class ='av-subheading av-subheading_below av_custom_color ' style='font-size:24px;'><p>VINCENTIUS &#8211; Biorazgradljiva in kompostirna embala\u017ea.<\/p>\n<p>Za ohranitev na\u0161ega vira \u017eivljenja.<\/p>\n<\/div><div class='special-heading-border'><div class='special-heading-inner-border' style='border-color:#308421'><\/div><\/div><\/div><br \/>\n<div style=' margin-top:10px; margin-bottom:20px;'  class='hr hr-custom hr-center hr-icon-no   avia-builder-el-4  el_after_av_heading  el_before_av_textblock '><span class='hr-inner   inner-border-av-border-fat' style=' width:300px; border-color:#2a4533;' ><span class='hr-inner-style'><\/span><\/span><\/div><br \/>\n<section class=\"av_textblock_section \"  itemscope=\"itemscope\" itemtype=\"https:\/\/schema.org\/CreativeWork\" ><div class='avia_textblock  av_inherit_color '   itemprop=\"text\" ><h3 style=\"text-align: center;\"><em><span lang=\"SL\">\u017divljenje po plastiki&#8230;<\/span><\/em><\/h3>\n<p>Po letih raziskav in razvoja, je podjetje Di Mucci d.o.o. zmo\u017eno ponuditi razli\u010dne re\u0161itve glede embala\u017enih procesov iz lastne proizvodnje biorazgradljivih in \u200b\u200bkompostnirnih folij.<\/p>\n<p>Zavzemamo se za raziskave, razvoj in industrializacijo kompostirnih materialov, s \u010dimer \u017eelimo dose\u010di pomemben prispevek k uveljavljanju novih na\u010dinov embala\u017enih postopkov.<\/p>\n<p>Za zamenjavo klasi\u010dnih onesna\u017eevalnih plasti\u010dnih izdelkov v prehrambeni in ne\u017eivilski industriji, smo vzpostavili nove proizvodne tehnike za proizvodnjo biorazgradljivih in kompostirnih folij.<\/p>\n<p>Osredoto\u010deni na zmanj\u0161anje koli\u010dine plasti\u010dnega onesna\u017eevanja in emisij CO\u2082, v proizvodnji uporabljamo vire surovin iz narave, ki med obdelavo ne spro\u0161\u010dajo \u0161kodljivih emisij, tako v prostorih proizvodnih obratov kot v \u0161ir\u0161e okolje.<\/p>\n<p>Stranke z uporabo na\u0161ih izdelkov pripomorejo k zmanj\u0161evanju emisij toplogrednih plinov (splo\u0161no globalno ogrevanje) in zni\u017eevanju njihovih nadaljnjih odpadkov (onesna\u017eevanje celotnega sveta).<\/p>\n<p>Z uporabo embala\u017enih strojev v na\u010dinih: preto\u010dno, vertikalno, stransko tesnjenje, L tesnjenje in skr\u010denim tunelom, dosegamo izdelke ki pokrivajo \u0161irok spekter embala\u017enih mo\u017enostih.<\/p>\n<p>V mnogih primerih ima na\u0161a bio\/kompostirna-folija znatno bolj\u0161e lastnosti kot navadna plasti\u010dna!<\/p>\n<p>Za vsako vrsto va\u0161e embala\u017ee imamo re\u0161itev. Za ve\u010d informacij pa nas kontaktirajte.<\/p>\n<p>Na\u0161a proizvodnja se nahaja v osrednji Evropi, na slovenski obali, kar nam omogo\u010da strate\u0161ki polo\u017eaj za izvoz v evropske dr\u017eave. Neposredna bli\u017eina pristani\u0161\u010da Luka Koper (eno glavnih evropskih pristani\u0161\u010d), pa nam omogo\u010da izvoz na vse ostale konce sveta.<\/p>\n<blockquote>\n<p>Na\u0161e zavedanje o onesna\u017eevanju voda, zraka in povzro\u010ditvi nepopravljive \u0161kode za ekologijo ter naravo nas mora zavedati, da \u010de ne ohranimo svojih virov \u017eivljenja, ne ohranimo sebe in prihodnosti novih generacij! Cit. Luca Di Mucci<\/p>\n<\/blockquote>\n<\/div><\/section><\/p><\/div>\n<\/div><\/div><\/div><!-- close content main div --><\/div><\/div><div id='after_section_1' class='main_color av_default_container_wrap container_wrap sidebar_right' style=' '  ><div class='container' ><div class='template-page content  av-content-small alpha units'><div class='post-entry post-entry-type-page post-entry-7396'><div class='entry-content-wrapper clearfix'>\n","protected":false},"excerpt":{"rendered":"","protected":false},"author":1,"featured_media":0,"parent":0,"menu_order":0,"comment_status":"open","ping_status":"closed","template":"","meta":[],"_links":{"self":[{"href":"http:\/\/dimucci.si\/sl\/wp-json\/wp\/v2\/pages\/7396\/"}],"collection":[{"href":"http:\/\/dimucci.si\/sl\/wp-json\/wp\/v2\/pages\/"}],"about":[{"href":"http:\/\/dimucci.si\/sl\/wp-json\/wp\/v2\/types\/page\/"}],"author":[{"embeddable":true,"href":"http:\/\/dimucci.si\/sl\/wp-json\/wp\/v2\/users\/1\/"}],"replies":[{"embeddable":true,"href":"http:\/\/dimucci.si\/sl\/wp-json\/wp\/v2\/comments\/?post=7396"}],"version-history":[{"count":11,"href":"http:\/\/dimucci.si\/sl\/wp-json\/wp\/v2\/pages\/7396\/revisions\/"}],"predecessor-version":[{"id":7878,"href":"http:\/\/dimucci.si\/sl\/wp-json\/wp\/v2\/pages\/7396\/revisions\/7878\/"}],"wp:attachment":[{"href":"http:\/\/dimucci.si\/sl\/wp-json\/wp\/v2\/media\/?parent=7396"}],"curies":[{"name":"wp","href":"https:\/\/api.w.org\/{rel}","templated":true}]}}